{"id":4211,"date":"2026-04-03T11:36:30","date_gmt":"2026-04-03T11:36:30","guid":{"rendered":"https:\/\/holzpellets-klengler.de\/?page_id=4211"},"modified":"2026-04-03T11:52:57","modified_gmt":"2026-04-03T11:52:57","slug":"kegelsport","status":"publish","type":"page","link":"https:\/\/holzpellets-klengler.de\/?page_id=4211","title":{"rendered":"Kegeln als Freizeitsport"},"content":{"rendered":"\n<p>auf der Kegelbahn in Schieritz in der Gemeinde Diera Zehren nicht weit von Lommatzsch und Mei\u00dfen<\/p>\n\n\n\n<p>Kegeln ist ein Sport f\u00fcr jedes Alter<\/p>\n\n\n\n<p>macht Spa\u00df im Verein<\/p>\n\n\n\n<p>ist ein guter Ausgleich zum Abbau von Alltagsstress<\/p>\n\n\n\n<p>f\u00f6rdert K\u00f6rper und Geist &#8211; tainiert Kondition, Koordination und Konzentration<\/p>\n\n\n\n<p>spricht viele Muskelgruppen an, Herz und Kreislauf werden auf sanfte weise gefordert<\/p>\n\n\n\n<p><strong>Willst Du &#8222;Alle Neune&#8220; umhauen<\/strong><\/p>\n\n\n\n<p>dann gern bei der<\/p>\n\n\n\n<p>LSG Niederlommatzsch<\/p>\n\n\n\n<p>in Schieritz im Sport Zentrum, Am Sportplatz 3a 01665 Diera-Zehren <\/p>\n\n\n\n<p>Training ist Mittwochs von 17.00 bis 18.30 Uhr<\/p>\n\n\n\n<p>im Verein trainieren Frauen und M\u00e4nner, auch f\u00fcr den Punktspielbetrieb.<\/p>\n\n\n\n<p><strong>Gut Holz<\/strong><\/p>\n\n\n\n<p><\/p>\n","protected":false},"excerpt":{"rendered":"<p>auf der Kegelbahn in Schieritz in der Gemeinde Diera Zehren nicht weit von Lommatzsch und Mei\u00dfen Kegeln ist ein Sport f\u00fcr jedes Alter macht Spa\u00df im Verein ist ein guter Ausgleich zum Abbau von Alltagsstress f\u00f6rdert K\u00f6rper und Geist &#8211; tainiert Kondition, Koordination und Konzentration spricht viele Muskelgruppen an, Herz und Kreislauf werden auf sanfte &#8230; <a title=\"Kegeln als Freizeitsport\" class=\"read-more\" href=\"https:\/\/holzpellets-klengler.de\/?page_id=4211\" aria-label=\"Mehr Informationen \u00fcber Kegeln als Freizeitsport\">Weiterlesen<\/a><\/p>\n","protected":false},"author":2,"featured_media":0,"parent":0,"menu_order":0,"comment_status":"closed","ping_status":"closed","template":"","meta":{"footnotes":""},"class_list":["post-4211","page","type-page","status-publish"],"_links":{"self":[{"href":"https:\/\/holzpellets-klengler.de\/index.php?rest_route=\/wp\/v2\/pages\/4211","targetHints":{"allow":["GET"]}}],"collection":[{"href":"https:\/\/holzpellets-klengler.de\/index.php?rest_route=\/wp\/v2\/pages"}],"about":[{"href":"https:\/\/holzpellets-klengler.de\/index.php?rest_route=\/wp\/v2\/types\/page"}],"author":[{"embeddable":true,"href":"https:\/\/holzpellets-klengler.de\/index.php?rest_route=\/wp\/v2\/users\/2"}],"replies":[{"embeddable":true,"href":"https:\/\/holzpellets-klengler.de\/index.php?rest_route=%2Fwp%2Fv2%2Fcomments&post=4211"}],"version-history":[{"count":5,"href":"https:\/\/holzpellets-klengler.de\/index.php?rest_route=\/wp\/v2\/pages\/4211\/revisions"}],"predecessor-version":[{"id":4218,"href":"https:\/\/holzpellets-klengler.de\/index.php?rest_route=\/wp\/v2\/pages\/4211\/revisions\/4218"}],"wp:attachment":[{"href":"https:\/\/holzpellets-klengler.de\/index.php?rest_route=%2Fwp%2Fv2%2Fmedia&parent=4211"}],"curies":[{"name":"wp","href":"https:\/\/api.w.org\/{rel}","templated":true}]}}