{"id":4091,"date":"2024-08-06T17:51:43","date_gmt":"2024-08-06T17:51:43","guid":{"rendered":"https:\/\/holzpellets-klengler.de\/?page_id=4091"},"modified":"2024-08-06T17:51:44","modified_gmt":"2024-08-06T17:51:44","slug":"allgemeine-geschaeftsbedingungen-agb","status":"publish","type":"page","link":"https:\/\/holzpellets-klengler.de\/?page_id=4091","title":{"rendered":"Allgemeine Gesch\u00e4ftsbedingungen (AGB)"},"content":{"rendered":"\n<p><\/p>\n\n\n\n<p class=\"has-medium-font-size\"><strong>1. Geltungsbereich<\/strong><\/p>\n\n\n\n<p>F\u00fcr alle Lieferungen und Leistung gelten die im folgenden genannten Allgemeinen Liefer- u. Zahlungsbedingungen. Sie gelten f\u00fcr Verbraucher wenn kein zwingendes Recht dem entgegensteht, f\u00fcr Nichtverbraucher ausschlie\u00dflich. Abweichungen davon bed\u00fcrfen unserer schriftlichen Zustimmung. Deutsches Recht gilt als vereinbart.<\/p>\n\n\n\n<p class=\"has-medium-font-size\"><strong>2. Angebote und Auftrag<\/strong><\/p>\n\n\n\n<p>Unsere Angebote sind freibleibend; ein Vertrag kommt erst durch unsere schriftliche Auftragsbest\u00e4tigung zustande. Ma\u00dfgeblich f\u00fcr die Erf\u00fcllung des Angebotes ist die Qualit\u00e4t des Produktes.<\/p>\n\n\n\n<p class=\"has-medium-font-size\"><strong>3. Lieferung<\/strong><\/p>\n\n\n\n<p>Die Lieferung in Teilmengen ist ohne ausdr\u00fcckliche Absprache m\u00f6glich, erh\u00f6hen die Frachtkosten jedoch nicht. Liefertermine sind nicht verbindlich, h\u00f6here Gewalt oder Ereignisse welche nicht verhersehbar sind oder durch Dritte zu vertretten sind, entbinden uns als Lieferanten von unserer Lieferpflicht, mindesten f\u00fcr die Dauer der Eregnisse. Sobald Ereignisse welche eine fristgerechte Lieferung verhindern absehber sind, m\u00fcssen wir den K\u00e4ufer davon in Kenntnis setzen. Wird die Lieferfrist um mehr als 4 Wochen verz\u00f6gert kann der K\u00e4ufer vom Vertag zutretten. Schadenersatzanspr\u00fcche sind ausgeschlossen, es sei den sie beruhen auf einer vors\u00e4tzlichen oder grob fahrl\u00e4ssigen Handlung durch den Lieferer, seine gesetztlichen Vertreter oder einen Erf\u00fcllungsgehilfen. Die Lieferung erfolgt frei Bordsteinkante. Die Befahrung von Grundst\u00fccken und Geb\u00e4uden kann nur nach ausdr\u00fccklicher Zustimmung erfolgen. Zufahrtswege m\u00fcssen in Beschaffenheit und Abmessungen f\u00fcr die Befahrung mit LKW geeignet sein. Kosten welche durch eine Abnahmenverz\u00f6gerung von mehr als 4 Tagen zum vereinbarten Termin durch den K\u00e4ufer entstehen sind von diesem zu tragen. Ereignisse wie h\u00f6here Gewalt sind durch den K\u00e4ufer nach M\u00f6glichkeit schnellstm\u00f6glich anzuzeigen. Die Art der Transportabwicklung w\u00e4hlt der Lieferant. Bei Zahlungsr\u00fcckstand sind wir berechtigt weitere Lieferungen zur\u00fcckzuhalten.<\/p>\n\n\n\n<p class=\"has-medium-font-size\"><strong>4. Eigentumsvorbehalt<\/strong><\/p>\n\n\n\n<p>Die Waren und Leistungen bleiben bis zu vollst\u00e4ndigen Bezahlung Eigentum des Lieferanten. Der Kunde ist verpflichtet einen Zugriff Dritter, z.B. durch Pf\u00e4ndung, auf die unter Eigentumsvorbehalt stehende Ware uns zu melden. Wir sind ins solchen F\u00e4llen berechtigt vom Vertrag zur\u00fcckzutreten und die Ware zur\u00fcckzufordern. Ist der K\u00e4ufer Unternehmer, ist er berechtigt, die Ware im ordentlichen Gesch\u00e4ftverkehr weiterzuver\u00e4u\u00dfern. Er tritt uns bereits jetzt alle Forderungen in H\u00f6he des Rechnungsbetrages ab, die ihm durch Weiterver\u00e4u\u00dferung gegen\u00fcber einem Dritten erwachsen. Wir nehmen die Abtretung an. Der Kunde bleibt zur Einziehung der Forderungen erm\u00e4chtig. Wir behalten uns die Einziehung bei Nichteinhaltung seiner Zahlungsverpflichtungen vor.<\/p>\n\n\n\n<p class=\"has-medium-font-size\"><strong>5. Zahlung<\/strong><\/p>\n\n\n\n<p>Unsere Rechnungen sind mit Anlieferung oder mit Abholung der Ware f\u00e4llig und zahlbar, sp\u00e4testen innerhalb von 5 Tagen. Die Zahlung erfolgt per Nachnahme, Lastschrift, Vorkasse oder in anderer Zahlungsweise.<\/p>\n\n\n\n<p class=\"has-medium-font-size\"><strong>6. Haftung<\/strong><\/p>\n\n\n\n<p>Schadenersatzanspr\u00fcche des Kunden, gleich aus welchem Grund sind ausgeschlossen. Dies gilt nicht , wenn zwingend gehaftet wird wie z.B. entsprechend dem Produkthaftungsgesetz, der groben Fahrl\u00e4ssigkeit, im Falle des Vorsatzes, wegen Verletzungen von Leben, K\u00f6rper oder Gesundheit und der Verletzung ma\u00dfgeblicher Vertragspflichten. Im Falle der Verletzung wesentlicher Vertragspflichten ist der Schadensersatz auf den vertragstypischen vorhersehbaren Schaden begrenzt.<\/p>\n\n\n\n<p class=\"has-medium-font-size\"><strong>7. R\u00fccktritt<\/strong><\/p>\n\n\n\n<p>Wir sind berechtigt vom Vertag zur\u00fcckzutretten wenn der K\u00e4ufer falsche Angaben macht und Zahlungsverpflichtungen nicht fristgerecht nachkommt. Wenn der Einkauf der zu liefernden Ware nicht vertragsgerecht m\u00f6glich ist oder die Lieferung in angemessenem Aufwand erfolgen kann. Wir sind verpflichtet den K\u00e4ufer kurzfristig dar\u00fcber zu informieren. Sollten daf\u00fcr bereits Zahlungen an uns erfolgt sein so werden diese sofort zur\u00fcckerstattet.<\/p>\n\n\n\n<p class=\"has-medium-font-size\"><strong>8. Gew\u00e4hrleistung<\/strong><\/p>\n\n\n\n<p>Die Gew\u00e4hrleistung erfolgt entsprechend den gesetzlichen Bestimmungen.<\/p>\n\n\n\n<p class=\"has-medium-font-size\"><strong>9. Erf\u00fcllungsort und Gerichtsstand<\/strong><\/p>\n\n\n\n<p>Erf\u00fcllungsort und Gerichtsstand ist Mei\u00dfen.<\/p>\n\n\n\n<p class=\"has-medium-font-size\"><strong>10. Datenschutz<\/strong><\/p>\n\n\n\n<p>Ihre Daten werden nur f\u00fcr interne Vorg\u00e4nge und zur Lieferung der Ware verwendet.<\/p>\n\n\n\n<p class=\"has-medium-font-size\"><strong>11. Salvatorische Klausel<\/strong><\/p>\n\n\n\n<p>Sollten einzelne Punkte der Allgemeinen Gesch\u00e4ftsbedingungen nicht rechtswirksam sein so wird dadurch die G\u00fcltigkeit der \u00fcbrigen Punkte nicht ber\u00fchrt.<\/p>\n","protected":false},"excerpt":{"rendered":"<p>1. Geltungsbereich F\u00fcr alle Lieferungen und Leistung gelten die im folgenden genannten Allgemeinen Liefer- u. Zahlungsbedingungen. Sie gelten f\u00fcr Verbraucher wenn kein zwingendes Recht dem entgegensteht, f\u00fcr Nichtverbraucher ausschlie\u00dflich. Abweichungen davon bed\u00fcrfen unserer schriftlichen Zustimmung. Deutsches Recht gilt als vereinbart. 2. Angebote und Auftrag Unsere Angebote sind freibleibend; ein Vertrag kommt erst durch unsere schriftliche &#8230; <a title=\"Allgemeine Gesch\u00e4ftsbedingungen (AGB)\" class=\"read-more\" href=\"https:\/\/holzpellets-klengler.de\/?page_id=4091\" aria-label=\"Mehr Informationen \u00fcber Allgemeine Gesch\u00e4ftsbedingungen (AGB)\">Weiterlesen<\/a><\/p>\n","protected":false},"author":1,"featured_media":0,"parent":0,"menu_order":0,"comment_status":"closed","ping_status":"closed","template":"","meta":{"footnotes":""},"class_list":["post-4091","page","type-page","status-publish"],"_links":{"self":[{"href":"https:\/\/holzpellets-klengler.de\/index.php?rest_route=\/wp\/v2\/pages\/4091","targetHints":{"allow":["GET"]}}],"collection":[{"href":"https:\/\/holzpellets-klengler.de\/index.php?rest_route=\/wp\/v2\/pages"}],"about":[{"href":"https:\/\/holzpellets-klengler.de\/index.php?rest_route=\/wp\/v2\/types\/page"}],"author":[{"embeddable":true,"href":"https:\/\/holzpellets-klengler.de\/index.php?rest_route=\/wp\/v2\/users\/1"}],"replies":[{"embeddable":true,"href":"https:\/\/holzpellets-klengler.de\/index.php?rest_route=%2Fwp%2Fv2%2Fcomments&post=4091"}],"version-history":[{"count":1,"href":"https:\/\/holzpellets-klengler.de\/index.php?rest_route=\/wp\/v2\/pages\/4091\/revisions"}],"predecessor-version":[{"id":4093,"href":"https:\/\/holzpellets-klengler.de\/index.php?rest_route=\/wp\/v2\/pages\/4091\/revisions\/4093"}],"wp:attachment":[{"href":"https:\/\/holzpellets-klengler.de\/index.php?rest_route=%2Fwp%2Fv2%2Fmedia&parent=4091"}],"curies":[{"name":"wp","href":"https:\/\/api.w.org\/{rel}","templated":true}]}}