{"id":4067,"date":"2024-08-06T16:27:34","date_gmt":"2024-08-06T16:27:34","guid":{"rendered":"https:\/\/holzpellets-klengler.de\/?page_id=4067"},"modified":"2024-08-14T11:34:46","modified_gmt":"2024-08-14T11:34:46","slug":"anfahrt","status":"publish","type":"page","link":"https:\/\/holzpellets-klengler.de\/?page_id=4067","title":{"rendered":"Anfahrt"},"content":{"rendered":"\n<figure class=\"gb-block-image gb-block-image-ad3021e9\"><img loading=\"lazy\" decoding=\"async\" width=\"1013\" height=\"855\" class=\"gb-image gb-image-ad3021e9\" src=\"https:\/\/holzpellets-klengler.de\/wp-content\/uploads\/2024\/08\/Anfahrt.png\" alt=\"\" title=\"Anfahrt\" srcset=\"https:\/\/holzpellets-klengler.de\/wp-content\/uploads\/2024\/08\/Anfahrt.png 1013w, https:\/\/holzpellets-klengler.de\/wp-content\/uploads\/2024\/08\/Anfahrt-300x253.png 300w, https:\/\/holzpellets-klengler.de\/wp-content\/uploads\/2024\/08\/Anfahrt-768x648.png 768w\" sizes=\"auto, (max-width: 1013px) 100vw, 1013px\" \/><\/figure>\n\n\n\n<p>Unser Standort ist etwa in der Mitte von Sachsen.<br>Hier einige Beispiele f\u00fcr Lieferregionen in unserer N\u00e4he:<br>Coswig, Dahlen, D\u00f6beln, Dresden, Freital, Gr\u00f6ditz, Gro\u00dfenhain, Leisnig, Lommatzsch, Meissen, M\u00fcgeln, M\u00fchlberg, Nossen, Niederau, N\u00fcnchritz, Oschatz, Ostrau, Radebeul, Radeberg, Riesa, Ro\u00dfwein, Strehla, Tharant, Waldheim, Weinb\u00f6hla, Wilsdruff, Zeithain.<\/p>\n\n\n\n<p><strong>Wir lagern unser Ware bei:<\/strong><br>GHP Spedition-Lagerei GmbH<br>Heinz-Girbig-Str. 4<br>01683 Nossen OT Ra\u00dflitz<br>( alte Anschrift: 01623 Leuben-Schleinitz, Ra\u00dflitz Nr. 1 )<\/p>\n\n\n\n<p>Das Lager ist jedoch nur Abhollager.<br>Der Kaufvertrag muss vorher abgeschlossen sein.<\/p>\n\n\n\n<p><strong>Abholzeiten:<\/strong><\/p>\n\n\n\n<figure class=\"wp-block-table\"><table class=\"has-fixed-layout\"><tbody><tr><td>Montag bis Freitag<\/td><td><\/td><td>zwischen 8.00 &#8211; 17.00 Uhr<\/td><\/tr><tr><td>Samstag<\/td><td><\/td><td>zwischen 8.30 &#8211; 15.45 Uhr<\/td><\/tr><tr><td colspan=\"3\">Lieferung nach Vereinbarung<\/td><\/tr><\/tbody><\/table><\/figure>\n","protected":false},"excerpt":{"rendered":"<p>Unser Standort ist etwa in der Mitte von Sachsen.Hier einige Beispiele f\u00fcr Lieferregionen in unserer N\u00e4he:Coswig, Dahlen, D\u00f6beln, Dresden, Freital, Gr\u00f6ditz, Gro\u00dfenhain, Leisnig, Lommatzsch, Meissen, M\u00fcgeln, M\u00fchlberg, Nossen, Niederau, N\u00fcnchritz, Oschatz, Ostrau, Radebeul, Radeberg, Riesa, Ro\u00dfwein, Strehla, Tharant, Waldheim, Weinb\u00f6hla, Wilsdruff, Zeithain. Wir lagern unser Ware bei:GHP Spedition-Lagerei GmbHHeinz-Girbig-Str. 401683 Nossen OT Ra\u00dflitz( alte Anschrift: &#8230; <a title=\"Anfahrt\" class=\"read-more\" href=\"https:\/\/holzpellets-klengler.de\/?page_id=4067\" aria-label=\"Mehr Informationen \u00fcber Anfahrt\">Weiterlesen<\/a><\/p>\n","protected":false},"author":1,"featured_media":0,"parent":0,"menu_order":0,"comment_status":"closed","ping_status":"closed","template":"","meta":{"footnotes":""},"class_list":["post-4067","page","type-page","status-publish"],"_links":{"self":[{"href":"https:\/\/holzpellets-klengler.de\/index.php?rest_route=\/wp\/v2\/pages\/4067","targetHints":{"allow":["GET"]}}],"collection":[{"href":"https:\/\/holzpellets-klengler.de\/index.php?rest_route=\/wp\/v2\/pages"}],"about":[{"href":"https:\/\/holzpellets-klengler.de\/index.php?rest_route=\/wp\/v2\/types\/page"}],"author":[{"embeddable":true,"href":"https:\/\/holzpellets-klengler.de\/index.php?rest_route=\/wp\/v2\/users\/1"}],"replies":[{"embeddable":true,"href":"https:\/\/holzpellets-klengler.de\/index.php?rest_route=%2Fwp%2Fv2%2Fcomments&post=4067"}],"version-history":[{"count":8,"href":"https:\/\/holzpellets-klengler.de\/index.php?rest_route=\/wp\/v2\/pages\/4067\/revisions"}],"predecessor-version":[{"id":4132,"href":"https:\/\/holzpellets-klengler.de\/index.php?rest_route=\/wp\/v2\/pages\/4067\/revisions\/4132"}],"wp:attachment":[{"href":"https:\/\/holzpellets-klengler.de\/index.php?rest_route=%2Fwp%2Fv2%2Fmedia&parent=4067"}],"curies":[{"name":"wp","href":"https:\/\/api.w.org\/{rel}","templated":true}]}}