{"id":4046,"date":"2024-08-06T16:02:12","date_gmt":"2024-08-06T16:02:12","guid":{"rendered":"https:\/\/holzpellets-klengler.de\/?page_id=4046"},"modified":"2024-10-14T07:05:05","modified_gmt":"2024-10-14T07:05:05","slug":"willkommen","status":"publish","type":"page","link":"https:\/\/holzpellets-klengler.de\/","title":{"rendered":"Willkommen"},"content":{"rendered":"\n<p>Sch\u00f6n, dass Sie bei uns hereinschauen.<br>Wir sind ein Unternehmen, das Ihnen optimale Produkte f\u00fcr Ihren Heizkessel und einen g\u00fcnstigen Lieferservice anbietet.<br>Wir k\u00f6nnen Ihnen Holzpellets liefern, oder Sie holen sie in unserem Lager ab.<\/p>\n\n\n\n<p>Da es wie in allen Bereichen des Alltags auch beim Handel mit Pellets Ver\u00e4nderungen, spezielle W\u00fcnsche und unterschiedlich lange Lieferwege gibt, m\u00f6chten wir Ihnen gern ein individuelles Angebot mit aktuellen Preisen unterbreiten.<\/p>\n\n\n\n<h1 class=\"wp-block-heading\">Holzpellets<\/h1>\n\n\n\n<p>Pelletqualit\u00e4t:<\/p>\n\n\n\n<ul class=\"wp-block-list\">\n<li>ENplus A1 und DIN plus<\/li>\n\n\n\n<li>und andere<\/li>\n\n\n\n<li>Holzpellets 6mm im Sack je 15kg<\/li>\n<\/ul>\n\n\n\n<p>Das Palettengesamtgewicht variiert je nach Vorlieferant, zwischen 960kg und 1050kg.<\/p>\n\n\n\n<p>Sie k\u00f6nnen auch weniger als eine komplette Palette bestellen.<\/p>\n\n\n\n<p>Weitere Produkte auf Anfrage:<\/p>\n\n\n\n<ul class=\"wp-block-list\">\n<li>Pellet Lagersilos und Zubeh\u00f6r<\/li>\n\n\n\n<li>Transportservice bei Ihnen: Die Pellets\u00e4cke k\u00f6nnen auch zu ihrem Lagerplatz getragen werden. Das sollte jedoch vorher besprochen werden. Der Transportweg mu\u00df sicher begehbar sein. Die Kosten daf\u00fcr betragen je 10 Minuten 4,65\u20ac, ab dem \u00f6ffnen der Palettenverpackung.<\/li>\n<\/ul>\n\n\n\n<p>Sollten Sie trotz gro\u00dfem Bem\u00fchen unsererseits mit der Ware oder der Anlieferung durch uns oder unsere Spedition nicht so recht zufrieden sein oder Sie haben Vorschl\u00e4ge oder W\u00fcnsche durch die wir den Service noch verbessern k\u00f6nnen, so lassen Sie es uns bitte wissen.<\/p>\n","protected":false},"excerpt":{"rendered":"<p>Sch\u00f6n, dass Sie bei uns hereinschauen.Wir sind ein Unternehmen, das Ihnen optimale Produkte f\u00fcr Ihren Heizkessel und einen g\u00fcnstigen Lieferservice anbietet.Wir k\u00f6nnen Ihnen Holzpellets liefern, oder Sie holen sie in unserem Lager ab. Da es wie in allen Bereichen des Alltags auch beim Handel mit Pellets Ver\u00e4nderungen, spezielle W\u00fcnsche und unterschiedlich lange Lieferwege gibt, m\u00f6chten &#8230; <a title=\"Willkommen\" class=\"read-more\" href=\"https:\/\/holzpellets-klengler.de\/\" aria-label=\"Mehr Informationen \u00fcber Willkommen\">Weiterlesen<\/a><\/p>\n","protected":false},"author":1,"featured_media":0,"parent":0,"menu_order":0,"comment_status":"closed","ping_status":"closed","template":"","meta":{"footnotes":""},"class_list":["post-4046","page","type-page","status-publish"],"_links":{"self":[{"href":"https:\/\/holzpellets-klengler.de\/index.php?rest_route=\/wp\/v2\/pages\/4046","targetHints":{"allow":["GET"]}}],"collection":[{"href":"https:\/\/holzpellets-klengler.de\/index.php?rest_route=\/wp\/v2\/pages"}],"about":[{"href":"https:\/\/holzpellets-klengler.de\/index.php?rest_route=\/wp\/v2\/types\/page"}],"author":[{"embeddable":true,"href":"https:\/\/holzpellets-klengler.de\/index.php?rest_route=\/wp\/v2\/users\/1"}],"replies":[{"embeddable":true,"href":"https:\/\/holzpellets-klengler.de\/index.php?rest_route=%2Fwp%2Fv2%2Fcomments&post=4046"}],"version-history":[{"count":4,"href":"https:\/\/holzpellets-klengler.de\/index.php?rest_route=\/wp\/v2\/pages\/4046\/revisions"}],"predecessor-version":[{"id":4155,"href":"https:\/\/holzpellets-klengler.de\/index.php?rest_route=\/wp\/v2\/pages\/4046\/revisions\/4155"}],"wp:attachment":[{"href":"https:\/\/holzpellets-klengler.de\/index.php?rest_route=%2Fwp%2Fv2%2Fmedia&parent=4046"}],"curies":[{"name":"wp","href":"https:\/\/api.w.org\/{rel}","templated":true}]}}